{"id":104,"date":"2017-08-20T17:44:01","date_gmt":"2017-08-20T15:44:01","guid":{"rendered":"http:\/\/gregoryterrier.com\/?page_id=104"},"modified":"2017-08-22T22:02:01","modified_gmt":"2017-08-22T20:02:01","slug":"les-particuliers","status":"publish","type":"page","link":"https:\/\/gregoryterrier.com\/?page_id=104","title":{"rendered":"Les particuliers"},"content":{"rendered":"<h1><strong>Pour les Particuliers<\/strong><\/h1>\n<div id='gallery-1' class='gallery galleryid-104 gallery-columns-3 gallery-size-medium'><figure class='gallery-item'>\n\t\t\t<div class='gallery-icon landscape'>\n\t\t\t\t<a href='https:\/\/gregoryterrier.com\/wp-content\/uploads\/2017\/02\/cropped-adult-1822498_1280.jpg'><img loading=\"lazy\" decoding=\"async\" width=\"300\" height=\"180\" src=\"https:\/\/gregoryterrier.com\/wp-content\/uploads\/2017\/02\/cropped-adult-1822498_1280-300x180.jpg\" class=\"attachment-medium size-medium\" alt=\"\" srcset=\"https:\/\/gregoryterrier.com\/wp-content\/uploads\/2017\/02\/cropped-adult-1822498_1280-300x180.jpg 300w, https:\/\/gregoryterrier.com\/wp-content\/uploads\/2017\/02\/cropped-adult-1822498_1280-768x461.jpg 768w, https:\/\/gregoryterrier.com\/wp-content\/uploads\/2017\/02\/cropped-adult-1822498_1280-1024x614.jpg 1024w, https:\/\/gregoryterrier.com\/wp-content\/uploads\/2017\/02\/cropped-adult-1822498_1280.jpg 2000w\" sizes=\"auto, 100vw\" \/><\/a>\n\t\t\t<\/div><\/figure><figure class='gallery-item'>\n\t\t\t<div class='gallery-icon landscape'>\n\t\t\t\t<a href='https:\/\/gregoryterrier.com\/wp-content\/uploads\/2017\/02\/bedside-table-279727_1280.jpg'><img loading=\"lazy\" decoding=\"async\" width=\"300\" height=\"200\" src=\"https:\/\/gregoryterrier.com\/wp-content\/uploads\/2017\/02\/bedside-table-279727_1280-300x200.jpg\" class=\"attachment-medium size-medium\" alt=\"\" srcset=\"https:\/\/gregoryterrier.com\/wp-content\/uploads\/2017\/02\/bedside-table-279727_1280-300x200.jpg 300w, https:\/\/gregoryterrier.com\/wp-content\/uploads\/2017\/02\/bedside-table-279727_1280-768x512.jpg 768w, https:\/\/gregoryterrier.com\/wp-content\/uploads\/2017\/02\/bedside-table-279727_1280-1024x682.jpg 1024w, https:\/\/gregoryterrier.com\/wp-content\/uploads\/2017\/02\/bedside-table-279727_1280.jpg 1280w\" sizes=\"auto, 100vw\" \/><\/a>\n\t\t\t<\/div><\/figure><figure class='gallery-item'>\n\t\t\t<div class='gallery-icon landscape'>\n\t\t\t\t<a href='https:\/\/gregoryterrier.com\/wp-content\/uploads\/2017\/08\/wireless-technology-1967494_1920.jpg'><img loading=\"lazy\" decoding=\"async\" width=\"300\" height=\"225\" src=\"https:\/\/gregoryterrier.com\/wp-content\/uploads\/2017\/08\/wireless-technology-1967494_1920-300x225.jpg\" class=\"attachment-medium size-medium\" alt=\"\" srcset=\"https:\/\/gregoryterrier.com\/wp-content\/uploads\/2017\/08\/wireless-technology-1967494_1920-300x225.jpg 300w, https:\/\/gregoryterrier.com\/wp-content\/uploads\/2017\/08\/wireless-technology-1967494_1920-768x576.jpg 768w, https:\/\/gregoryterrier.com\/wp-content\/uploads\/2017\/08\/wireless-technology-1967494_1920-1024x768.jpg 1024w, https:\/\/gregoryterrier.com\/wp-content\/uploads\/2017\/08\/wireless-technology-1967494_1920.jpg 1920w\" sizes=\"auto, 100vw\" \/><\/a>\n\t\t\t<\/div><\/figure><figure class='gallery-item'>\n\t\t\t<div class='gallery-icon portrait'>\n\t\t\t\t<a href='https:\/\/gregoryterrier.com\/wp-content\/uploads\/2017\/02\/cropped-index.jpg'><img loading=\"lazy\" decoding=\"async\" width=\"270\" height=\"300\" src=\"https:\/\/gregoryterrier.com\/wp-content\/uploads\/2017\/02\/cropped-index-270x300.jpg\" class=\"attachment-medium size-medium\" alt=\"\" srcset=\"https:\/\/gregoryterrier.com\/wp-content\/uploads\/2017\/02\/cropped-index-270x300.jpg 270w, https:\/\/gregoryterrier.com\/wp-content\/uploads\/2017\/02\/cropped-index-768x855.jpg 768w, https:\/\/gregoryterrier.com\/wp-content\/uploads\/2017\/02\/cropped-index-920x1024.jpg 920w, https:\/\/gregoryterrier.com\/wp-content\/uploads\/2017\/02\/cropped-index.jpg 2000w\" sizes=\"auto, 100vw\" \/><\/a>\n\t\t\t<\/div><\/figure><figure class='gallery-item'>\n\t\t\t<div class='gallery-icon portrait'>\n\t\t\t\t<a href='https:\/\/gregoryterrier.com\/wp-content\/uploads\/2017\/08\/Screen-Shot-09-22-16-at-11.26-AM.png'><img loading=\"lazy\" decoding=\"async\" width=\"300\" height=\"300\" src=\"https:\/\/gregoryterrier.com\/wp-content\/uploads\/2017\/08\/Screen-Shot-09-22-16-at-11.26-AM-300x300.png\" class=\"attachment-medium size-medium\" alt=\"\" srcset=\"https:\/\/gregoryterrier.com\/wp-content\/uploads\/2017\/08\/Screen-Shot-09-22-16-at-11.26-AM-300x300.png 300w, https:\/\/gregoryterrier.com\/wp-content\/uploads\/2017\/08\/Screen-Shot-09-22-16-at-11.26-AM-150x150.png 150w, https:\/\/gregoryterrier.com\/wp-content\/uploads\/2017\/08\/Screen-Shot-09-22-16-at-11.26-AM-100x100.png 100w, https:\/\/gregoryterrier.com\/wp-content\/uploads\/2017\/08\/Screen-Shot-09-22-16-at-11.26-AM.png 749w\" sizes=\"auto, 100vw\" \/><\/a>\n\t\t\t<\/div><\/figure><figure class='gallery-item'>\n\t\t\t<div class='gallery-icon portrait'>\n\t\t\t\t<a href='https:\/\/gregoryterrier.com\/wp-content\/uploads\/2017\/08\/Screen-Shot-09-22-16-at-11.07-AM.png'><img loading=\"lazy\" decoding=\"async\" width=\"224\" height=\"300\" src=\"https:\/\/gregoryterrier.com\/wp-content\/uploads\/2017\/08\/Screen-Shot-09-22-16-at-11.07-AM-224x300.png\" class=\"attachment-medium size-medium\" alt=\"\" srcset=\"https:\/\/gregoryterrier.com\/wp-content\/uploads\/2017\/08\/Screen-Shot-09-22-16-at-11.07-AM-224x300.png 224w, https:\/\/gregoryterrier.com\/wp-content\/uploads\/2017\/08\/Screen-Shot-09-22-16-at-11.07-AM.png 285w\" sizes=\"auto, 100vw\" \/><\/a>\n\t\t\t<\/div><\/figure>\n\t\t<\/div>\n\n<h2><strong>Fatigue, troubles du sommeil, probl\u00e8mes de sant\u00e9 \u00e0 r\u00e9p\u00e9tition<\/strong><\/h2>\n<p>Les ph\u00e9nom\u00e8nes telluriques d&rsquo;origine naturelle tels que les failles, cavit\u00e9s, eau souterraine peuvent \u00eatre la source d\u2019\u00e9missions nocives provoquant un stress un stress cellulaire chez les occupants qui se traduit par une perturbation de l\u2019\u00e9tat g\u00e9n\u00e9ral ou du sommeil et qui conduit \u00e0 un \u00e9puisement progressif.<br \/>\nLa g\u00e9obiologie permet d&rsquo;\u00e9quilibrer ces ph\u00e9nom\u00e8nes et de limiter leur impact.<\/p>\n<h2><strong>Troubles nerveux, migraines, \u00e9lectro-sensibilit\u00e9<\/strong><\/h2>\n<p>Certaines perturbations d\u2019ordre physique, sont li\u00e9es \u00e0 une exposition importante aux champs \u00e9lectromagn\u00e9tiques pr\u00e9sents dans l\u2019habitat (T\u00e9l\u00e9phonie, WIFI, appareillage,\u2026).<\/p>\n<p>Ces pollutions perturbent l\u2019\u00e9quilibre de l\u2019organisme.<br \/>\nApr\u00e8s mesure, la g\u00e9obiologie permet d&rsquo;apporter des pr\u00e9conisations et des solutions afin de limiter leur exposition.<\/p>\n<h2><strong>Sensation de mal-\u00eatre dans votre habitat<\/strong><\/h2>\n<p>Certains lieux procurent des sensations d\u00e9sagr\u00e9ables. Elles sont dues \u00e0 des ph\u00e9nom\u00e8nes non rationnels qui d\u00e9gradent l\u2019ambiance d\u2019un lieu. Par exemple, des traumatismes ont marqu\u00e9s par le pass\u00e9 le lieu ou certains objets et laissent une empreinte qui charge l&rsquo;endroit et le d\u00e9s\u00e9quilibre.<br \/>\nLa g\u00e9obiologie reconna\u00eet la pr\u00e9sence de ces m\u00e9moires et sait les effacer.<\/p>\n<h2><strong>En r\u00e9sum\u00e9<\/strong><\/h2>\n<p>Dans notre monde cart\u00e9sien, cette activit\u00e9 ancestrale li\u00e9e aux connaissances des \u00ab\u00a0sourciers\u00a0\u00bb, commence \u00e0 \u00e9veiller l\u2019int\u00e9r\u00eat et le monde scientifique.<\/p>\n<p>Pour preuves, quelques exemples d\u2019\u00e9missions TV et lectures : \u00ab\u00a0enqu\u00eates extraordinaires\u00a0\u00bb sur la g\u00e9obiologie ou le Num\u00e9ro 20 de la revue \u00abInexplor\u00e9 \u00bb avec comme th\u00e8me \u00ab gu\u00e9rir sa maison\u00bb ou encore de nombreux ouvrages et publications.<\/p>\n<p>Votre lieu de vie, votre habitation doivent vous reposer, vous ressourcer mais aussi vous fournir l\u2019\u00e9nergie n\u00e9cessaire \u00e0 la r\u00e9alisation de vos projets, personnels, professionnels ou familiaux.<\/p>\n<p>Votre lieu doit \u00eatre en \u00e9cho avec vous-m\u00eame! Dans le cas contraire, votre habitation vous \u00ab\u00a0tire vers le bas\u00a0\u00bb !<\/p>\n<p>La g\u00e9obiologie sait percevoir et corriger les troubles d&rsquo;origines naturelles ou technologiques d&rsquo;un lieu et ainsi le placer en accord avec ses habitants.<\/p>\n<h2><strong>Rem\u00e8des\u00a0<\/strong><\/h2>\n<p>Il existe diff\u00e9rents rem\u00e8des en g\u00e9obiologie, plus ou moins efficaces sur le long terme, plus o\u00f9 moins on\u00e9reux \u2026<br \/>\nJ\u2019ai choisi de n\u2019utiliser que des rem\u00e8des simples, \u00e9prouv\u00e9s\u00a0(sourciers, b\u00e2tisseurs, radiesth\u00e9sistes\u2026), et peu on\u00e9reux, correspondant \u00e0 ma vision de la g\u00e9obiologie.<strong>.<\/strong><\/p>\n<p>Les rem\u00e8des personnalis\u00e9s prescrits et install\u00e9s par mes soins seront chiffr\u00e9s lors de l&rsquo;\u00e9tude.<\/p>\n<hr \/>\n<!-- AddThis Advanced Settings generic via filter on the_content --><!-- AddThis Share Buttons generic via filter on the_content -->","protected":false},"excerpt":{"rendered":"<p>Pour les Particuliers Fatigue, troubles du sommeil, probl\u00e8mes de sant\u00e9 \u00e0 r\u00e9p\u00e9tition Les ph\u00e9nom\u00e8nes telluriques d&rsquo;origine naturelle tels que les failles, cavit\u00e9s, eau souterraine peuvent \u00eatre la source d\u2019\u00e9missions nocives provoquant un stress un stress cellulaire chez les occupants qui se traduit par une perturbation de l\u2019\u00e9tat g\u00e9n\u00e9ral ou du sommeil et qui conduit \u00e0 &hellip; <\/p>\n<p class=\"link-more\"><a href=\"https:\/\/gregoryterrier.com\/?page_id=104\" class=\"more-link\">Continuer la lecture<span class=\"screen-reader-text\"> de &laquo;&nbsp;Les particuliers&nbsp;&raquo;<\/span><\/a><\/p>\n<p><!-- AddThis Advanced Settings generic via filter on get_the_excerpt --><!-- AddThis Share Buttons generic via filter on get_the_excerpt --><\/p>\n","protected":false},"author":1,"featured_media":168,"parent":0,"menu_order":0,"comment_status":"closed","ping_status":"closed","template":"","meta":{"footnotes":""},"class_list":["post-104","page","type-page","status-publish","has-post-thumbnail","hentry"],"_links":{"self":[{"href":"https:\/\/gregoryterrier.com\/index.php?rest_route=\/wp\/v2\/pages\/104","targetHints":{"allow":["GET"]}}],"collection":[{"href":"https:\/\/gregoryterrier.com\/index.php?rest_route=\/wp\/v2\/pages"}],"about":[{"href":"https:\/\/gregoryterrier.com\/index.php?rest_route=\/wp\/v2\/types\/page"}],"author":[{"embeddable":true,"href":"https:\/\/gregoryterrier.com\/index.php?rest_route=\/wp\/v2\/users\/1"}],"replies":[{"embeddable":true,"href":"https:\/\/gregoryterrier.com\/index.php?rest_route=%2Fwp%2Fv2%2Fcomments&post=104"}],"version-history":[{"count":3,"href":"https:\/\/gregoryterrier.com\/index.php?rest_route=\/wp\/v2\/pages\/104\/revisions"}],"predecessor-version":[{"id":169,"href":"https:\/\/gregoryterrier.com\/index.php?rest_route=\/wp\/v2\/pages\/104\/revisions\/169"}],"wp:featuredmedia":[{"embeddable":true,"href":"https:\/\/gregoryterrier.com\/index.php?rest_route=\/wp\/v2\/media\/168"}],"wp:attachment":[{"href":"https:\/\/gregoryterrier.com\/index.php?rest_route=%2Fwp%2Fv2%2Fmedia&parent=104"}],"curies":[{"name":"wp","href":"https:\/\/api.w.org\/{rel}","templated":true}]}}