{"id":11,"date":"2017-02-24T14:58:35","date_gmt":"2017-02-24T13:58:35","guid":{"rendered":"http:\/\/gregoryterrier.com\/?page_id=11"},"modified":"2023-02-20T12:13:42","modified_gmt":"2023-02-20T11:13:42","slug":"une-section-de-page-daccueil","status":"publish","type":"page","link":"https:\/\/gregoryterrier.com\/?page_id=11","title":{"rendered":"La G\u00e9obiologie"},"content":{"rendered":"<p style=\"text-align: center;\"><span style=\"color: #ff6600;\"><strong>La G\u00e9obiologie vous permet de retrouver un habitat sain et prot\u00e9g\u00e9.<br \/>\n<\/strong><\/span><\/p>\n<p>La g\u00e9obiologie \u00e9tudie l&rsquo;influence du lieu sur notre sant\u00e9, notre sommeil et notre vitalit\u00e9.<\/p>\n<p>Je vous propose gr\u00e2ce \u00e0 la g\u00e9obiologie de r\u00e9tablir de fa\u00e7on durable l\u2019\u00e9quilibre bio-sensible des lieux lorsque ceux-ci sont perturb\u00e9s ou pollu\u00e9s.<\/p>\n<p><strong>La g\u00e9obiologie vous aide \u00e0 retrouver un habitat sain et prot\u00e9g\u00e9.<\/strong><\/p>\n<p>J\u2019utilise des outils de diagnostic \u00e0 la fois bio-sensible pour les d\u00e9tections des ph\u00e9nom\u00e8nes \u00e9nerg\u00e9tiques non rationnels (eau souterraine, failles, m\u00e9moires\u2026) et des appareils de mesures scientifiques pour l\u2019\u00e9valuation des param\u00e8tres physiques (champs \u00e9lectromagn\u00e9tiques, mesure de terre \u2026).<\/p>\n<h2><strong>Un peu d\u2019histoire<\/strong><\/h2>\n<p>La g\u00e9obiologie est l\u2019\u00e9tude de tous les ph\u00e9nom\u00e8nes vibratoires qui nous entourent et qui ont une incidence sur notre sant\u00e9 et notre comportement. Elle est valable sur toutes les cellules vivantes, l\u2019homme, l\u2019animal et les plantes.<\/p>\n<p>Le terme g\u00e9obiologie a \u00e9t\u00e9 invent\u00e9 par le m\u00e9decin allemand Ernst Hartmann (1915 \u2013 1992).<\/p>\n<p>La g\u00e9obiologie est int\u00e9ressante pour la pr\u00e9vention de certains troubles (sommeil, fatigue, sant\u00e9, etc\u2026). C\u2019est en quelque sorte une \u00ab\u00a0m\u00e9decine\u00a0\u00bb de l\u2019habitat, du cadre de vie.<\/p>\n<h2>\u00a0<img loading=\"lazy\" decoding=\"async\" class=\"aligncenter wp-image-92 size-full\" src=\"https:\/\/gregoryterrier.com\/wp-content\/uploads\/2017\/02\/Screen-Shot-09-22-16-at-11.18-AM.png\" alt=\"\" width=\"790\" height=\"331\" srcset=\"https:\/\/gregoryterrier.com\/wp-content\/uploads\/2017\/02\/Screen-Shot-09-22-16-at-11.18-AM.png 790w, https:\/\/gregoryterrier.com\/wp-content\/uploads\/2017\/02\/Screen-Shot-09-22-16-at-11.18-AM-300x126.png 300w, https:\/\/gregoryterrier.com\/wp-content\/uploads\/2017\/02\/Screen-Shot-09-22-16-at-11.18-AM-768x322.png 768w\" sizes=\"auto, (max-width: 706px) 89vw, (max-width: 767px) 82vw, 740px\" \/><\/h2>\n<h2><\/h2>\n<p>Lorsque l\u2019on sait que notre corps est constitu\u00e9 de muscles, d\u2019organes tels que le c\u0153ur, le cerveau et que notre syst\u00e8me nerveux central est \u00e9galement dirig\u00e9 par des signaux \u00e9lectriques, nous n\u2019avons alors aucune peine \u00e0 comprendre que les champs \u00e9lectromagn\u00e9tiques artificiels ou les champs vibratoires naturels puissent bouleverser notre fonctionnement. Nous sommes aussi des \u00eatres \u00e9nerg\u00e9tiques puisque tout est \u00e9nergie.<\/p>\n<p>Il est vrai que l\u2019\u00e9volution de notre soci\u00e9t\u00e9 n\u2019a jamais \u00e9t\u00e9 aussi importante que ces derni\u00e8res d\u00e9cennies, apportant son lot de nouvelles technologies et nous imposant un nouveau style de vie. Il ne s\u2019agit pas de refuser ou de remettre en question ces changements, en grande partie b\u00e9n\u00e9fiques pour notre qualit\u00e9 de vie voire notre esp\u00e9rance de vie, mais bien de <strong>nous positionner pour en limiter les effets n\u00e9gatifs et garder un bien-\u00eatre n\u00e9cessaire \u00e0 notre sant\u00e9 et \u00e0 notre \u00e9quilibre en g\u00e9n\u00e9ral.<\/strong><\/p>\n<p><img loading=\"lazy\" decoding=\"async\" class=\"size-medium wp-image-268 aligncenter\" src=\"https:\/\/gregoryterrier.com\/wp-content\/uploads\/2023\/02\/Photo-3-300x200.jpg\" alt=\"\" width=\"300\" height=\"200\" srcset=\"https:\/\/gregoryterrier.com\/wp-content\/uploads\/2023\/02\/Photo-3-300x200.jpg 300w, https:\/\/gregoryterrier.com\/wp-content\/uploads\/2023\/02\/Photo-3-1024x683.jpg 1024w, https:\/\/gregoryterrier.com\/wp-content\/uploads\/2023\/02\/Photo-3-768x512.jpg 768w, https:\/\/gregoryterrier.com\/wp-content\/uploads\/2023\/02\/Photo-3-1536x1024.jpg 1536w, https:\/\/gregoryterrier.com\/wp-content\/uploads\/2023\/02\/Photo-3-2048x1365.jpg 2048w\" sizes=\"auto, (max-width: 300px) 100vw, 300px\" \/><\/p>\n<p>Vid\u00e9o : <a href=\"https:\/\/www.dailymotion.com\/video\/x2iqihw_ge-obiologie-les-e-nergies-qui-traversent-nos-maisons_school#tab_embed\">La g\u00e9obiologie vue dans \u00ab\u00a0Enqu\u00eates extraordinaires\u00a0\u00bb<\/a><\/p>\n<h2><\/h2>\n<!-- AddThis Advanced Settings generic via filter on the_content --><!-- AddThis Share Buttons generic via filter on the_content -->","protected":false},"excerpt":{"rendered":"<p>La G\u00e9obiologie vous permet de retrouver un habitat sain et prot\u00e9g\u00e9. La g\u00e9obiologie \u00e9tudie l&rsquo;influence du lieu sur notre sant\u00e9, notre sommeil et notre vitalit\u00e9. Je vous propose gr\u00e2ce \u00e0 la g\u00e9obiologie de r\u00e9tablir de fa\u00e7on durable l\u2019\u00e9quilibre bio-sensible des lieux lorsque ceux-ci sont perturb\u00e9s ou pollu\u00e9s. La g\u00e9obiologie vous aide \u00e0 retrouver un habitat &hellip; <\/p>\n<p class=\"link-more\"><a href=\"https:\/\/gregoryterrier.com\/?page_id=11\" class=\"more-link\">Continuer la lecture<span class=\"screen-reader-text\"> de &laquo;&nbsp;La G\u00e9obiologie&nbsp;&raquo;<\/span><\/a><\/p>\n<p><!-- AddThis Advanced Settings generic via filter on get_the_excerpt --><!-- AddThis Share Buttons generic via filter on get_the_excerpt --><\/p>\n","protected":false},"author":1,"featured_media":55,"parent":0,"menu_order":0,"comment_status":"closed","ping_status":"closed","template":"","meta":{"footnotes":""},"class_list":["post-11","page","type-page","status-publish","has-post-thumbnail","hentry"],"_links":{"self":[{"href":"https:\/\/gregoryterrier.com\/index.php?rest_route=\/wp\/v2\/pages\/11","targetHints":{"allow":["GET"]}}],"collection":[{"href":"https:\/\/gregoryterrier.com\/index.php?rest_route=\/wp\/v2\/pages"}],"about":[{"href":"https:\/\/gregoryterrier.com\/index.php?rest_route=\/wp\/v2\/types\/page"}],"author":[{"embeddable":true,"href":"https:\/\/gregoryterrier.com\/index.php?rest_route=\/wp\/v2\/users\/1"}],"replies":[{"embeddable":true,"href":"https:\/\/gregoryterrier.com\/index.php?rest_route=%2Fwp%2Fv2%2Fcomments&post=11"}],"version-history":[{"count":20,"href":"https:\/\/gregoryterrier.com\/index.php?rest_route=\/wp\/v2\/pages\/11\/revisions"}],"predecessor-version":[{"id":270,"href":"https:\/\/gregoryterrier.com\/index.php?rest_route=\/wp\/v2\/pages\/11\/revisions\/270"}],"wp:featuredmedia":[{"embeddable":true,"href":"https:\/\/gregoryterrier.com\/index.php?rest_route=\/wp\/v2\/media\/55"}],"wp:attachment":[{"href":"https:\/\/gregoryterrier.com\/index.php?rest_route=%2Fwp%2Fv2%2Fmedia&parent=11"}],"curies":[{"name":"wp","href":"https:\/\/api.w.org\/{rel}","templated":true}]}}