{"id":123,"date":"2017-08-20T18:32:31","date_gmt":"2017-08-20T16:32:31","guid":{"rendered":"http:\/\/gregoryterrier.com\/?page_id=123"},"modified":"2023-02-20T11:10:21","modified_gmt":"2023-02-20T10:10:21","slug":"les-exploitations-viticoles","status":"publish","type":"page","link":"https:\/\/gregoryterrier.com\/?page_id=123","title":{"rendered":"Les exploitations viticoles"},"content":{"rendered":"<h1><\/h1>\n<p>La vigne et l&rsquo;\u00e9levage du vin d\u00e9pendent de multiples facteurs : Sols, climats, sanitaires, l&rsquo;ambiance des b\u00e2timents, les pratiques et bien d&rsquo;autres facteurs&#8230;<\/p>\n<p>En compl\u00e9ment de votre savoir-faire, les techniciens, les \u0153nologues,\u00a0 etc&#8230;, sont pr\u00e9sents pour vous aider \u00e0 \u00e9viter ces probl\u00e8mes.<\/p>\n<p>La g\u00e9obiologie \u00e9tudie d&rsquo;autres facteurs perturbants pour les cellules vivantes. Cela permet de comprendre et am\u00e9liorer l&rsquo;environnement de votre production.<\/p>\n<p>La vigne comme le vin sont vivants et comme nous ils sont sensibles \u00e0 leur environnement.<\/p>\n<p>La g\u00e9obiologie appliqu\u00e9e \u00e0 la cave et au vin est peu diff\u00e9rente de la g\u00e9obiologie habituellement utilis\u00e9e pour am\u00e9nager une maison ou d&rsquo;un lieu de vie\/de travail.<\/p>\n<p>Des lieux moins \u00e9nerg\u00e9tiques, voire n\u00e9gatifs, affecteront le vivant. L&rsquo;influence de la g\u00e9obiologie n&rsquo;est plus \u00e0 prouver. Si l&rsquo;on consid\u00e8re que le vin est un \u00eatre vivant, il est facile de faire un lien entre la g\u00e9obiologie \u00a0\u00bbclassique\u00a0\u00bb et celle \u00e0 appliquer au vin par le g\u00e9obiologue.<\/p>\n<p><img loading=\"lazy\" decoding=\"async\" class=\"aligncenter wp-image-126 size-large\" src=\"https:\/\/gregoryterrier.com\/wp-content\/uploads\/2017\/08\/two-types-of-wine-1761613_1920-1024x683.jpg\" alt=\"\" width=\"525\" height=\"350\" srcset=\"https:\/\/gregoryterrier.com\/wp-content\/uploads\/2017\/08\/two-types-of-wine-1761613_1920-1024x683.jpg 1024w, https:\/\/gregoryterrier.com\/wp-content\/uploads\/2017\/08\/two-types-of-wine-1761613_1920-300x200.jpg 300w, https:\/\/gregoryterrier.com\/wp-content\/uploads\/2017\/08\/two-types-of-wine-1761613_1920-768x512.jpg 768w, https:\/\/gregoryterrier.com\/wp-content\/uploads\/2017\/08\/two-types-of-wine-1761613_1920.jpg 1920w\" sizes=\"auto, (max-width: 525px) 100vw, 525px\" \/><\/p>\n<p>Le vin est le r\u00e9sultat de la transformation d&rsquo;\u00e9l\u00e9ments contenus dans le fruit par des levures et des bact\u00e9ries qui sont des \u00eatres vivants et qui de part leur nature d&rsquo;\u00eatres vivants sont influenc\u00e9s par la g\u00e9obiologie et l&rsquo;\u00e9nergie de leur lieu de vie.<\/p>\n<p>Les premiers essais mis en place montrent, par exemple, que des f\u00fbts qui se go\u00fbtent moins bien, qui fermentent de fa\u00e7on al\u00e9atoire ou ont tendance \u00e0 r\u00e9duire (et ce malgr\u00e9 une parfaite application des r\u00e8gles \u0153nologiques), subissent dans bien des cas des perturbations d&rsquo;ordre g\u00e9obiologique telles que : croisement de lignes n\u00e9gatives (type Hartmann ou Curry), pr\u00e9sence de chemin\u00e9e cosmo-tellurique n\u00e9gative, faille dans le sous-sol, m\u00e9moire du lieu.<\/p>\n<p>Il est ais\u00e9 de comprendre que si ces lieux sont n\u00e9fastes pour le vivant, ils le sont \u00e9galement pour le vin et les micro-organismes qui le constituent. Ce manque d&rsquo;\u00e9quilibre \u00e9nerg\u00e9tique se traduira par des vins de moindre qualit\u00e9.<\/p>\n<h2><strong>Que puis-je faire \u00e0 la vigne et \u00e0 la cave?<\/strong><\/h2>\n<h4>En pratique sur la vigne :<\/h4>\n<ul>\n<li>Je r\u00e9tablis l&rsquo;\u00e9quilibre \u00e9nerg\u00e9tique du lieu et travaille sur les courants telluriques.\u00a0 Ces courants sont souvent n\u00e9gatifs aujourd\u2019hui\u00a0: les informations qu\u2019ils transportent, par exemple la pollution ou les formes, p\u00e9nalisent un domaine si elles le traversent. Cela a des cons\u00e9quences sur le raisin, sur le vin.<\/li>\n<li>Je nettoie les m\u00e9moires parfois tr\u00e8s anciennes des parcelles.<\/li>\n<\/ul>\n<h4>En pratique dans les caves :<\/h4>\n<ul>\n<li>Je d\u00e9termine les emplacements b\u00e9n\u00e9fiques ou non pour le vin<\/li>\n<li>Je nettoie les m\u00e9moires install\u00e9es sur les lieux<\/li>\n<li>J\u2019installe une forme permettant la neutralisation des r\u00e9seaux et donnant \u00e0 la cave une dimension en \u00e9quilibre avec le lieu<\/li>\n<li>Je cr\u00e9e des lieux favorables aux fermentations<\/li>\n<\/ul>\n<p>Du point de vue g\u00e9obiologique, je vous propose une expertise g\u00e9n\u00e9rale de la cave et du vignoble, ainsi qu&rsquo;une mise en place de syst\u00e8mes adapt\u00e9s \u00e0 l&rsquo;objectif du propri\u00e9taire, aux vins et aux lieux, ce qui permettra de tendre vers plus d&rsquo;\u00e9quilibre et d&rsquo;harmonie.<\/p>\n<p>La traduction de cet \u00e9tat sera perceptible \u00e0 la d\u00e9gustation de vins qui gagneront en richesse, en qualit\u00e9, en \u00e2me et en profondeur.<\/p>\n<p>Professionnels du vin, n\u2019h\u00e9sitez pas \u00e0 me contacter pour plus de renseignements.<\/p>\n<p>Je me ferai un plaisir de vous accompagner dans vos interrogations et vos d\u00e9marches .<\/p>\n<p><img loading=\"lazy\" decoding=\"async\" class=\"size-medium wp-image-119 alignright\" src=\"https:\/\/gregoryterrier.com\/wp-content\/uploads\/2017\/08\/cheese-1887233_1920-213x300.jpg\" alt=\"\" width=\"213\" height=\"300\" srcset=\"https:\/\/gregoryterrier.com\/wp-content\/uploads\/2017\/08\/cheese-1887233_1920-213x300.jpg 213w, https:\/\/gregoryterrier.com\/wp-content\/uploads\/2017\/08\/cheese-1887233_1920-768x1082.jpg 768w, https:\/\/gregoryterrier.com\/wp-content\/uploads\/2017\/08\/cheese-1887233_1920-727x1024.jpg 727w, https:\/\/gregoryterrier.com\/wp-content\/uploads\/2017\/08\/cheese-1887233_1920.jpg 1363w\" sizes=\"auto, (max-width: 213px) 100vw, 213px\" \/><\/p>\n<!-- AddThis Advanced Settings generic via filter on the_content --><!-- AddThis Share Buttons generic via filter on the_content -->","protected":false},"excerpt":{"rendered":"<p>La vigne et l&rsquo;\u00e9levage du vin d\u00e9pendent de multiples facteurs : Sols, climats, sanitaires, l&rsquo;ambiance des b\u00e2timents, les pratiques et bien d&rsquo;autres facteurs&#8230; En compl\u00e9ment de votre savoir-faire, les techniciens, les \u0153nologues,\u00a0 etc&#8230;, sont pr\u00e9sents pour vous aider \u00e0 \u00e9viter ces probl\u00e8mes. La g\u00e9obiologie \u00e9tudie d&rsquo;autres facteurs perturbants pour les cellules vivantes. Cela permet de &hellip; <\/p>\n<p class=\"link-more\"><a href=\"https:\/\/gregoryterrier.com\/?page_id=123\" class=\"more-link\">Continuer la lecture<span class=\"screen-reader-text\"> de &laquo;&nbsp;Les exploitations viticoles&nbsp;&raquo;<\/span><\/a><\/p>\n<p><!-- AddThis Advanced Settings generic via filter on get_the_excerpt --><!-- AddThis Share Buttons generic via filter on get_the_excerpt --><\/p>\n","protected":false},"author":1,"featured_media":166,"parent":0,"menu_order":0,"comment_status":"closed","ping_status":"closed","template":"","meta":{"footnotes":""},"class_list":["post-123","page","type-page","status-publish","has-post-thumbnail","hentry"],"_links":{"self":[{"href":"https:\/\/gregoryterrier.com\/index.php?rest_route=\/wp\/v2\/pages\/123","targetHints":{"allow":["GET"]}}],"collection":[{"href":"https:\/\/gregoryterrier.com\/index.php?rest_route=\/wp\/v2\/pages"}],"about":[{"href":"https:\/\/gregoryterrier.com\/index.php?rest_route=\/wp\/v2\/types\/page"}],"author":[{"embeddable":true,"href":"https:\/\/gregoryterrier.com\/index.php?rest_route=\/wp\/v2\/users\/1"}],"replies":[{"embeddable":true,"href":"https:\/\/gregoryterrier.com\/index.php?rest_route=%2Fwp%2Fv2%2Fcomments&post=123"}],"version-history":[{"count":4,"href":"https:\/\/gregoryterrier.com\/index.php?rest_route=\/wp\/v2\/pages\/123\/revisions"}],"predecessor-version":[{"id":264,"href":"https:\/\/gregoryterrier.com\/index.php?rest_route=\/wp\/v2\/pages\/123\/revisions\/264"}],"wp:featuredmedia":[{"embeddable":true,"href":"https:\/\/gregoryterrier.com\/index.php?rest_route=\/wp\/v2\/media\/166"}],"wp:attachment":[{"href":"https:\/\/gregoryterrier.com\/index.php?rest_route=%2Fwp%2Fv2%2Fmedia&parent=123"}],"curies":[{"name":"wp","href":"https:\/\/api.w.org\/{rel}","templated":true}]}}