{"id":231,"date":"2023-02-20T10:57:03","date_gmt":"2023-02-20T09:57:03","guid":{"rendered":"http:\/\/gregoryterrier.com\/?page_id=231"},"modified":"2023-03-08T17:00:19","modified_gmt":"2023-03-08T16:00:19","slug":"lhypnose","status":"publish","type":"page","link":"https:\/\/gregoryterrier.com\/?page_id=231","title":{"rendered":"L&rsquo;Hypnose"},"content":{"rendered":"\n<p class=\"has-luminous-vivid-orange-color has-text-color\"><strong>Bienvenue sur ma page d\u00e9di\u00e9e \u00e0 mon activit\u00e9 d&rsquo;hypnoth\u00e9rapeute \u00e0 Mer (41).<\/strong><\/p>\n\n\n\n<p>L&rsquo;hypnose peut \u00eatre utilis\u00e9e pour r\u00e9soudre de nombreux probl\u00e8mes, tels que la gestion du stress, le sevrage tabagique, les phobies, les addictions, la perte de poids, les douleurs, la confiance en soi, le deuil, les accidents de la vie, l&rsquo;apprentissage et les examens, etc&#8230;<\/p>\n\n\n\n<p>Je peux vous aider, vous guider pour atteindre vos objectifs de changement et d&rsquo;\u00e9volution dans votre vie. L&rsquo;hypnose est un outil fascinant pour y parvenir.<\/p>\n\n\n\n<p>Nous disposons de toutes les ressources n\u00e9cessaires pour atteindre nos objectifs et je suis l\u00e0 pour vous accompagner dans cette d\u00e9marche dans le respect de vos valeurs.<\/p>\n\n\n\n<p>Elle peut \u00e9galement \u00eatre utilis\u00e9e pour am\u00e9liorer vos performances, \u00e9quilibrer votre corps, votre esprit et prendre soin de vous.<\/p>\n\n\n\n<p>Je suis dipl\u00f4m\u00e9 de l&rsquo;Acad\u00e9mie Epione et je peux vous recevoir dans mon cabinet \u00e0 Mer.<\/p>\n\n\n\n<p>L&rsquo;\u00e9tat d&rsquo;hypnose est un \u00e9tat de conscience modifi\u00e9 dans lequel vous \u00eates conscient, ce qui vous permet d&rsquo;acc\u00e9der aux diff\u00e9rentes parties de votre inconscient et \u00e0 vos ressources int\u00e9rieures. Vous pouvez sortir de l&rsquo;\u00e9tat d&rsquo;hypnose \u00e0 tout moment si vous le souhaitez.<\/p>\n\n\n\n<p>Pendant la s\u00e9ance, vous \u00eates acteur de votre voyage hypnotique et je suis votre alli\u00e9.<\/p>\n\n\n\n<p>Sachez que l&rsquo;\u00e9tat d&rsquo;hypnose est un \u00e9tat naturel que nous traversons tous les jours sans m\u00eame nous en rendre compte (conduite, t\u00e9l\u00e9, lecture, musique, etc).<\/p>\n\n\n\n<p>Si vous souhaitez changer et \u00e9voluer, contactez-moi d\u00e8s maintenant pour en savoir plus sur comment l&rsquo;hypnose peut vous aider \u00e0 atteindre vos objectifs.<\/p>\n\n\n\n<p><strong><br><\/strong><\/p>\n\n\n\n<p style=\"font-size:24px\"><\/p>\n\n\n\n<p><\/p>\n\n\n\n<p><\/p>\n<!-- AddThis Advanced Settings generic via filter on the_content --><!-- AddThis Share Buttons generic via filter on the_content -->","protected":false},"excerpt":{"rendered":"<p>Bienvenue sur ma page d\u00e9di\u00e9e \u00e0 mon activit\u00e9 d&rsquo;hypnoth\u00e9rapeute \u00e0 Mer (41). L&rsquo;hypnose peut \u00eatre utilis\u00e9e pour r\u00e9soudre de nombreux probl\u00e8mes, tels que la gestion du stress, le sevrage tabagique, les phobies, les addictions, la perte de poids, les douleurs, la confiance en soi, le deuil, les accidents de la vie, l&rsquo;apprentissage et les examens, &hellip; <\/p>\n<p class=\"link-more\"><a href=\"https:\/\/gregoryterrier.com\/?page_id=231\" class=\"more-link\">Continuer la lecture<span class=\"screen-reader-text\"> de &laquo;&nbsp;L&rsquo;Hypnose&nbsp;&raquo;<\/span><\/a><\/p>\n<p><!-- AddThis Advanced Settings generic via filter on get_the_excerpt --><!-- AddThis Share Buttons generic via filter on get_the_excerpt --><\/p>\n","protected":false},"author":1,"featured_media":0,"parent":0,"menu_order":0,"comment_status":"closed","ping_status":"closed","template":"","meta":{"footnotes":""},"class_list":["post-231","page","type-page","status-publish","hentry"],"_links":{"self":[{"href":"https:\/\/gregoryterrier.com\/index.php?rest_route=\/wp\/v2\/pages\/231","targetHints":{"allow":["GET"]}}],"collection":[{"href":"https:\/\/gregoryterrier.com\/index.php?rest_route=\/wp\/v2\/pages"}],"about":[{"href":"https:\/\/gregoryterrier.com\/index.php?rest_route=\/wp\/v2\/types\/page"}],"author":[{"embeddable":true,"href":"https:\/\/gregoryterrier.com\/index.php?rest_route=\/wp\/v2\/users\/1"}],"replies":[{"embeddable":true,"href":"https:\/\/gregoryterrier.com\/index.php?rest_route=%2Fwp%2Fv2%2Fcomments&post=231"}],"version-history":[{"count":10,"href":"https:\/\/gregoryterrier.com\/index.php?rest_route=\/wp\/v2\/pages\/231\/revisions"}],"predecessor-version":[{"id":275,"href":"https:\/\/gregoryterrier.com\/index.php?rest_route=\/wp\/v2\/pages\/231\/revisions\/275"}],"wp:attachment":[{"href":"https:\/\/gregoryterrier.com\/index.php?rest_route=%2Fwp%2Fv2%2Fmedia&parent=231"}],"curies":[{"name":"wp","href":"https:\/\/api.w.org\/{rel}","templated":true}]}}