{"id":7,"date":"2017-02-24T14:58:35","date_gmt":"2017-02-24T13:58:35","guid":{"rendered":"http:\/\/gregoryterrier.com\/?page_id=7"},"modified":"2024-02-01T09:04:35","modified_gmt":"2024-02-01T08:04:35","slug":"accueil","status":"publish","type":"page","link":"https:\/\/gregoryterrier.com\/","title":{"rendered":"Accueil"},"content":{"rendered":"<h1>Bienvenue,<\/h1>\n<h3>Mon exp\u00e9rience professionnelle en paysage et mon temp\u00e9rament m&rsquo;ont toujours orient\u00e9 vers la nature.<\/h3>\n<h3>En parall\u00e8le, je me suis toujours int\u00e9ress\u00e9 aux m\u00e9decines douces.<\/h3>\n<h3>Suite \u00e0 diff\u00e9rentes rencontres et travaux de d\u00e9veloppement personnel, j&rsquo;ai d\u00e9couvert et pris conscience que j&rsquo;avais une opportunit\u00e9 de par ma sensibilit\u00e9 \u00e9nerg\u00e9tique sur les personnes ainsi que sur les lieux. J&rsquo;ai donc approfondi mes recherches et suis arriv\u00e9 aux pratiques de la g\u00e9obiologie, du magn\u00e9tisme et de l&rsquo;hypnose.<\/h3>\n<p><img loading=\"lazy\" decoding=\"async\" class=\"size-medium wp-image-142 alignright\" src=\"https:\/\/gregoryterrier.com\/wp-content\/uploads\/2017\/08\/logoGregT2_blanc-300x91.jpg\" alt=\"\" width=\"300\" height=\"91\" srcset=\"https:\/\/gregoryterrier.com\/wp-content\/uploads\/2017\/08\/logoGregT2_blanc-300x91.jpg 300w, https:\/\/gregoryterrier.com\/wp-content\/uploads\/2017\/08\/logoGregT2_blanc-768x232.jpg 768w, https:\/\/gregoryterrier.com\/wp-content\/uploads\/2017\/08\/logoGregT2_blanc.jpg 853w\" sizes=\"auto, (max-width: 300px) 100vw, 300px\" \/><\/p>\n<!-- AddThis Advanced Settings generic via filter on the_content --><!-- AddThis Share Buttons generic via filter on the_content -->","protected":false},"excerpt":{"rendered":"<p>Bienvenue, Mon exp\u00e9rience professionnelle en paysage et mon temp\u00e9rament m&rsquo;ont toujours orient\u00e9 vers la nature. En parall\u00e8le, je me suis toujours int\u00e9ress\u00e9 aux m\u00e9decines douces. Suite \u00e0 diff\u00e9rentes rencontres et travaux de d\u00e9veloppement personnel, j&rsquo;ai d\u00e9couvert et pris conscience que j&rsquo;avais une opportunit\u00e9 de par ma sensibilit\u00e9 \u00e9nerg\u00e9tique sur les personnes ainsi que sur les &hellip; <\/p>\n<p class=\"link-more\"><a href=\"https:\/\/gregoryterrier.com\/\" class=\"more-link\">Continuer la lecture<span class=\"screen-reader-text\"> de &laquo;&nbsp;Accueil&nbsp;&raquo;<\/span><\/a><\/p>\n<p><!-- AddThis Advanced Settings generic via filter on get_the_excerpt --><!-- AddThis Share Buttons generic via filter on get_the_excerpt --><\/p>\n","protected":false},"author":1,"featured_media":0,"parent":0,"menu_order":0,"comment_status":"closed","ping_status":"closed","template":"","meta":{"footnotes":""},"class_list":["post-7","page","type-page","status-publish","hentry"],"_links":{"self":[{"href":"https:\/\/gregoryterrier.com\/index.php?rest_route=\/wp\/v2\/pages\/7","targetHints":{"allow":["GET"]}}],"collection":[{"href":"https:\/\/gregoryterrier.com\/index.php?rest_route=\/wp\/v2\/pages"}],"about":[{"href":"https:\/\/gregoryterrier.com\/index.php?rest_route=\/wp\/v2\/types\/page"}],"author":[{"embeddable":true,"href":"https:\/\/gregoryterrier.com\/index.php?rest_route=\/wp\/v2\/users\/1"}],"replies":[{"embeddable":true,"href":"https:\/\/gregoryterrier.com\/index.php?rest_route=%2Fwp%2Fv2%2Fcomments&post=7"}],"version-history":[{"count":16,"href":"https:\/\/gregoryterrier.com\/index.php?rest_route=\/wp\/v2\/pages\/7\/revisions"}],"predecessor-version":[{"id":285,"href":"https:\/\/gregoryterrier.com\/index.php?rest_route=\/wp\/v2\/pages\/7\/revisions\/285"}],"wp:attachment":[{"href":"https:\/\/gregoryterrier.com\/index.php?rest_route=%2Fwp%2Fv2%2Fmedia&parent=7"}],"curies":[{"name":"wp","href":"https:\/\/api.w.org\/{rel}","templated":true}]}}