{"id":8,"date":"2017-02-24T14:58:35","date_gmt":"2017-02-24T13:58:35","guid":{"rendered":"http:\/\/gregoryterrier.com\/?page_id=8"},"modified":"2024-02-01T09:06:12","modified_gmt":"2024-02-01T08:06:12","slug":"qui-suis-je","status":"publish","type":"page","link":"https:\/\/gregoryterrier.com\/?page_id=8","title":{"rendered":"Le Magn\u00e9tisme"},"content":{"rendered":"<p>Le magn\u00e9tisme consid\u00e9r\u00e9\u00a0comme une m\u00e9decine douce et alternative.<\/p>\n<p><img loading=\"lazy\" decoding=\"async\" class=\"aligncenter wp-image-267 size-medium\" src=\"https:\/\/gregoryterrier.com\/wp-content\/uploads\/2023\/02\/Photo-4-300x200.jpg\" alt=\"\" width=\"300\" height=\"200\" srcset=\"https:\/\/gregoryterrier.com\/wp-content\/uploads\/2023\/02\/Photo-4-300x200.jpg 300w, https:\/\/gregoryterrier.com\/wp-content\/uploads\/2023\/02\/Photo-4-1024x683.jpg 1024w, https:\/\/gregoryterrier.com\/wp-content\/uploads\/2023\/02\/Photo-4-768x512.jpg 768w, https:\/\/gregoryterrier.com\/wp-content\/uploads\/2023\/02\/Photo-4-1536x1024.jpg 1536w, https:\/\/gregoryterrier.com\/wp-content\/uploads\/2023\/02\/Photo-4-2048x1365.jpg 2048w\" sizes=\"auto, (max-width: 300px) 100vw, 300px\" \/><\/p>\n<p>Mes pratiques agissent sur le <strong>stress<\/strong>, les <strong>douleurs<\/strong> articulaires, les maladies de peau, les <strong>br\u00fblures<\/strong>, les probl\u00e8mes articulaires, les probl\u00e8mes musculaires, tendineux\u00a0et nerveux, les probl\u00e8mes visc\u00e9raux et les douleurs vari\u00e9es\u2026<\/p>\n<p>Il n&rsquo;entraine aucun risque sur votre sant\u00e9 si ce n\u2019est une am\u00e9lioration de votre \u00e9tat, une augmentation de\u00a0votre niveau \u00e9nerg\u00e9tique et donc de votre bien-\u00eatre. En aucun cas mes pratiques ne se substituent \u00e0 la m\u00e9decine traditionnelle ainsi qu\u2019aux traitements et prescriptions m\u00e9dicales.<\/p>\n<p>Le magn\u00e9tisme <strong>r\u00e9\u00e9quilibre<\/strong> et <strong>revitalise<\/strong> tout l\u2019organisme.<\/p>\n<p><img loading=\"lazy\" decoding=\"async\" class=\"aligncenter wp-image-146 size-full\" src=\"https:\/\/gregoryterrier.com\/wp-content\/uploads\/2017\/08\/FLYER-A6-Recto.jpg\" alt=\"\" width=\"1252\" height=\"1843\" srcset=\"https:\/\/gregoryterrier.com\/wp-content\/uploads\/2017\/08\/FLYER-A6-Recto.jpg 1252w, https:\/\/gregoryterrier.com\/wp-content\/uploads\/2017\/08\/FLYER-A6-Recto-204x300.jpg 204w, https:\/\/gregoryterrier.com\/wp-content\/uploads\/2017\/08\/FLYER-A6-Recto-768x1131.jpg 768w, https:\/\/gregoryterrier.com\/wp-content\/uploads\/2017\/08\/FLYER-A6-Recto-696x1024.jpg 696w\" sizes=\"auto, (max-width: 706px) 89vw, (max-width: 767px) 82vw, 740px\" \/><\/p>\n<p>En aucun cas mes pratiques en se substituent \u00e0 la m\u00e9decine traditionnelle ainsi qu&rsquo;aux traitements et prescriptions m\u00e9dicales<\/p>\n<!-- AddThis Advanced Settings generic via filter on the_content --><!-- AddThis Share Buttons generic via filter on the_content -->","protected":false},"excerpt":{"rendered":"<p>Le magn\u00e9tisme consid\u00e9r\u00e9\u00a0comme une m\u00e9decine douce et alternative. Mes pratiques agissent sur le stress, les douleurs articulaires, les maladies de peau, les br\u00fblures, les probl\u00e8mes articulaires, les probl\u00e8mes musculaires, tendineux\u00a0et nerveux, les probl\u00e8mes visc\u00e9raux et les douleurs vari\u00e9es\u2026 Il n&rsquo;entraine aucun risque sur votre sant\u00e9 si ce n\u2019est une am\u00e9lioration de votre \u00e9tat, une augmentation &hellip; <\/p>\n<p class=\"link-more\"><a href=\"https:\/\/gregoryterrier.com\/?page_id=8\" class=\"more-link\">Continuer la lecture<span class=\"screen-reader-text\"> de &laquo;&nbsp;Le Magn\u00e9tisme&nbsp;&raquo;<\/span><\/a><\/p>\n<p><!-- AddThis Advanced Settings generic via filter on get_the_excerpt --><!-- AddThis Share Buttons generic via filter on get_the_excerpt --><\/p>\n","protected":false},"author":1,"featured_media":0,"parent":0,"menu_order":0,"comment_status":"closed","ping_status":"closed","template":"","meta":{"footnotes":""},"class_list":["post-8","page","type-page","status-publish","hentry"],"_links":{"self":[{"href":"https:\/\/gregoryterrier.com\/index.php?rest_route=\/wp\/v2\/pages\/8","targetHints":{"allow":["GET"]}}],"collection":[{"href":"https:\/\/gregoryterrier.com\/index.php?rest_route=\/wp\/v2\/pages"}],"about":[{"href":"https:\/\/gregoryterrier.com\/index.php?rest_route=\/wp\/v2\/types\/page"}],"author":[{"embeddable":true,"href":"https:\/\/gregoryterrier.com\/index.php?rest_route=\/wp\/v2\/users\/1"}],"replies":[{"embeddable":true,"href":"https:\/\/gregoryterrier.com\/index.php?rest_route=%2Fwp%2Fv2%2Fcomments&post=8"}],"version-history":[{"count":13,"href":"https:\/\/gregoryterrier.com\/index.php?rest_route=\/wp\/v2\/pages\/8\/revisions"}],"predecessor-version":[{"id":286,"href":"https:\/\/gregoryterrier.com\/index.php?rest_route=\/wp\/v2\/pages\/8\/revisions\/286"}],"wp:attachment":[{"href":"https:\/\/gregoryterrier.com\/index.php?rest_route=%2Fwp%2Fv2%2Fmedia&parent=8"}],"curies":[{"name":"wp","href":"https:\/\/api.w.org\/{rel}","templated":true}]}}