{"id":9,"date":"2017-02-24T14:58:35","date_gmt":"2017-02-24T13:58:35","guid":{"rendered":"http:\/\/gregoryterrier.com\/?page_id=9"},"modified":"2024-03-20T21:08:44","modified_gmt":"2024-03-20T20:08:44","slug":"contact","status":"publish","type":"page","link":"https:\/\/gregoryterrier.com\/?page_id=9","title":{"rendered":"Contact"},"content":{"rendered":"<h1 style=\"text-align: center;\"><strong>Pour me contacter\u00a0<\/strong><\/h1>\n<h4><strong>Gr\u00e9gory Terrier<\/strong><br \/>\nG\u00e9obiologue &#8211; Hypnoth\u00e9rapeute &#8211; Magn\u00e9tiseur<br \/>\nCourrier :\u00a0 19 rue Haute d&rsquo;Aulnay\u00a0 \u00a0 \u00a0 \u00a0 \u00a0 \u00a0 \u00a0 Cabinet : 6 impasse de la fontaine Saint Hilaire<br \/>\n41500 MER\u00a0\u00a0\u00a0\u00a0\u00a0\u00a0\u00a0\u00a0\u00a0\u00a0\u00a0\u00a0\u00a0\u00a0\u00a0\u00a0\u00a0\u00a0\u00a0\u00a0\u00a0\u00a0\u00a0\u00a0\u00a0\u00a0\u00a0\u00a0\u00a0\u00a0\u00a0\u00a0\u00a0\u00a0\u00a0\u00a0\u00a0\u00a0\u00a0\u00a0\u00a0\u00a0\u00a0\u00a0\u00a0 \u00a0 \u00a0 \u00a0 \u00a0 \u00a0 \u00a0\u00a0\u00a0\u00a0\u00a0\u00a0\u00a0\u00a0\u00a0\u00a0\u00a0\u00a0\u00a0\u00a0\u00a0\u00a0\u00a0\u00a0\u00a0\u00a0 41500 MER<br \/>\n06-38-96-09-48<br \/>\n<a href=\"mailto:contact@gregoryterrier.com\">contact@gregoryterrier.com<\/a><\/h4>\n<hr \/>\n<!-- AddThis Advanced Settings generic via filter on the_content --><!-- AddThis Share Buttons generic via filter on the_content -->","protected":false},"excerpt":{"rendered":"<p>Pour me contacter\u00a0 Gr\u00e9gory Terrier G\u00e9obiologue &#8211; Hypnoth\u00e9rapeute &#8211; Magn\u00e9tiseur Courrier :\u00a0 19 rue Haute d&rsquo;Aulnay\u00a0 \u00a0 \u00a0 \u00a0 \u00a0 \u00a0 \u00a0 Cabinet : 6 impasse de la fontaine Saint Hilaire 41500 MER\u00a0\u00a0\u00a0\u00a0\u00a0\u00a0\u00a0\u00a0\u00a0\u00a0\u00a0\u00a0\u00a0\u00a0\u00a0\u00a0\u00a0\u00a0\u00a0\u00a0\u00a0\u00a0\u00a0\u00a0\u00a0\u00a0\u00a0\u00a0\u00a0\u00a0\u00a0\u00a0\u00a0\u00a0\u00a0\u00a0\u00a0\u00a0\u00a0\u00a0\u00a0\u00a0\u00a0\u00a0\u00a0 \u00a0 \u00a0 \u00a0 \u00a0 \u00a0 \u00a0\u00a0\u00a0\u00a0\u00a0\u00a0\u00a0\u00a0\u00a0\u00a0\u00a0\u00a0\u00a0\u00a0\u00a0\u00a0\u00a0\u00a0\u00a0\u00a0 41500 MER 06-38-96-09-48 contact@gregoryterrier.com<!-- AddThis Advanced Settings generic via filter on get_the_excerpt --><!-- AddThis Share Buttons generic via filter on get_the_excerpt --><\/p>\n","protected":false},"author":1,"featured_media":13,"parent":0,"menu_order":0,"comment_status":"closed","ping_status":"closed","template":"","meta":{"footnotes":""},"class_list":["post-9","page","type-page","status-publish","has-post-thumbnail","hentry"],"_links":{"self":[{"href":"https:\/\/gregoryterrier.com\/index.php?rest_route=\/wp\/v2\/pages\/9","targetHints":{"allow":["GET"]}}],"collection":[{"href":"https:\/\/gregoryterrier.com\/index.php?rest_route=\/wp\/v2\/pages"}],"about":[{"href":"https:\/\/gregoryterrier.com\/index.php?rest_route=\/wp\/v2\/types\/page"}],"author":[{"embeddable":true,"href":"https:\/\/gregoryterrier.com\/index.php?rest_route=\/wp\/v2\/users\/1"}],"replies":[{"embeddable":true,"href":"https:\/\/gregoryterrier.com\/index.php?rest_route=%2Fwp%2Fv2%2Fcomments&post=9"}],"version-history":[{"count":17,"href":"https:\/\/gregoryterrier.com\/index.php?rest_route=\/wp\/v2\/pages\/9\/revisions"}],"predecessor-version":[{"id":288,"href":"https:\/\/gregoryterrier.com\/index.php?rest_route=\/wp\/v2\/pages\/9\/revisions\/288"}],"wp:featuredmedia":[{"embeddable":true,"href":"https:\/\/gregoryterrier.com\/index.php?rest_route=\/wp\/v2\/media\/13"}],"wp:attachment":[{"href":"https:\/\/gregoryterrier.com\/index.php?rest_route=%2Fwp%2Fv2%2Fmedia&parent=9"}],"curies":[{"name":"wp","href":"https:\/\/api.w.org\/{rel}","templated":true}]}}