{"id":99,"date":"2017-08-19T10:46:40","date_gmt":"2017-08-19T08:46:40","guid":{"rendered":"http:\/\/gregoryterrier.com\/?page_id=99"},"modified":"2017-10-23T12:31:20","modified_gmt":"2017-10-23T10:31:20","slug":"nouvelle-page","status":"publish","type":"page","link":"https:\/\/gregoryterrier.com\/?page_id=99","title":{"rendered":"Les exploitations agricoles"},"content":{"rendered":"<h1><strong>Pour les exploitations agricoles<\/strong><\/h1>\n<p>La sant\u00e9 et le comportement des animaux d\u00e9pendent de multiples facteurs : Alimentaires, sanitaires, l&rsquo;ambiance des b\u00e2timents, les pratiques d&rsquo;\u00e9levages et bien d&rsquo;autres facteurs\u2026<\/p>\n<p>En compl\u00e9ment de votre savoir-faire, les techniciens, les v\u00e9t\u00e9rinaires, etc&#8230;, sont pr\u00e9sents pour vous aider \u00e0 \u00e9viter ces probl\u00e8mes.<\/p>\n<p>La g\u00e9obiologie \u00e9tudie d&rsquo;autres facteurs perturbants pour les animaux. Cela permet de comprendre et am\u00e9liorer l&rsquo;environnement de votre \u00e9levage.<\/p>\n<p>Les animaux sont beaucoup plus sensibles que nous, sachons les observer, leur sensibilit\u00e9 d\u00e9passe la n\u00f4tre.<\/p>\n<p>Face \u00e0 certaines pollutions environnementales, les animaux risquent d&rsquo;\u00eatre stress\u00e9s et de d\u00e9velopper :<\/p>\n<ul>\n<li>Des maladies :\u00a0mammites, cellules, probl\u00e8mes de reproduction, de production, d&rsquo;immunit\u00e9, boiteries&#8230;<\/li>\n<li>Des probl\u00e8mes de comportement :\u00a0nervosit\u00e9 en salle de traite, en b\u00e2timent, non-occupation de l&rsquo;ensemble du b\u00e2timent, comportements \u00e9tranges,&#8230;<img loading=\"lazy\" decoding=\"async\" class=\"wp-image-163 size-medium aligncenter\" src=\"https:\/\/gregoryterrier.com\/wp-content\/uploads\/2017\/08\/sunflower-1967004_1920-300x225.jpg\" alt=\"\" width=\"300\" height=\"225\" srcset=\"https:\/\/gregoryterrier.com\/wp-content\/uploads\/2017\/08\/sunflower-1967004_1920-300x225.jpg 300w, https:\/\/gregoryterrier.com\/wp-content\/uploads\/2017\/08\/sunflower-1967004_1920-768x576.jpg 768w, https:\/\/gregoryterrier.com\/wp-content\/uploads\/2017\/08\/sunflower-1967004_1920-1024x768.jpg 1024w, https:\/\/gregoryterrier.com\/wp-content\/uploads\/2017\/08\/sunflower-1967004_1920.jpg 1920w\" sizes=\"auto, (max-width: 300px) 100vw, 300px\" \/><\/li>\n<\/ul>\n<h2>Les nuisances g\u00e9obiologiques peuvent avoir plusieurs origines<\/h2>\n<h4>Des nuisances d&rsquo;origine naturelle provenant du sous-sol :<\/h4>\n<ul>\n<li>Les failles g\u00e9ologiques (un des ph\u00e9nom\u00e8nes les plus perturbants)<\/li>\n<li>Une cavit\u00e9 souterraine<\/li>\n<li>Une veine d\u2019eau souterraine (en circulation cr\u00e9e des zones pathog\u00e8nes)<\/li>\n<li>Des croisements de r\u00e9seaux telluriques (Hartmann, Curry&#8230;)<\/li>\n<\/ul>\n<h4>Des nuisances d&rsquo;origine artificielle :<\/h4>\n<ul>\n<li>Les rayonnements \u00e9lectromagn\u00e9tiques de plus en plus importants<\/li>\n<li>Des courants \u00e9lectriques vagabonds<\/li>\n<li>Des mauvaises prises de terre\u2026<\/li>\n<\/ul>\n<p>Des recherches historiques ont montr\u00e9s que durant des milliers d&rsquo;ann\u00e9es les habitations, lieux de culte,&#8230; \u00e9taient construits selon des principes qui \u00e9tudiaient l\u2019influence du terrain (Romains, en Chine, \u00c9gypte&#8230;).<\/p>\n<p>La g\u00e9obiologie est donc une science ancestrale que nous red\u00e9couvrons. Aujourd\u2019hui il est recommand\u00e9 de faire appel \u00e0 un g\u00e9obiologue avant la construction d\u2019un b\u00e2timent d\u2019\u00e9levage permettant d\u2019\u00e9viter des lieux nocifs ou des mauvaises installations \u00ab\u00a0Mieux vaut pr\u00e9venir que gu\u00e9rir\u00a0\u00bb.<\/p>\n<p><em><img loading=\"lazy\" decoding=\"async\" class=\"aligncenter wp-image-120 size-large\" src=\"https:\/\/gregoryterrier.com\/wp-content\/uploads\/2017\/08\/cows-982159_1920-1024x681.jpg\" alt=\"\" width=\"525\" height=\"349\" srcset=\"https:\/\/gregoryterrier.com\/wp-content\/uploads\/2017\/08\/cows-982159_1920-1024x681.jpg 1024w, https:\/\/gregoryterrier.com\/wp-content\/uploads\/2017\/08\/cows-982159_1920-300x199.jpg 300w, https:\/\/gregoryterrier.com\/wp-content\/uploads\/2017\/08\/cows-982159_1920-768x510.jpg 768w, https:\/\/gregoryterrier.com\/wp-content\/uploads\/2017\/08\/cows-982159_1920.jpg 1920w\" sizes=\"auto, (max-width: 525px) 100vw, 525px\" \/><br \/>\n<\/em><\/p>\n<p>Il est important d&rsquo;\u00e9tudier plusieurs crit\u00e8res avant tout projet de b\u00e2timent d&rsquo;\u00e9levage :<\/p>\n<ul>\n<li>L&#8217;emplacement<\/li>\n<li>L&rsquo;orientation<\/li>\n<li>Les proportions<\/li>\n<li>Les fondations (fouilles, ferraillage,&#8230;)<\/li>\n<li>Les charpentes (en bois ou m\u00e9talliques)<\/li>\n<li>Les laiteries, les salles de traite et robots de traite sont des endroits strat\u00e9giques<\/li>\n<li>Les cl\u00f4tures \u00e9lectriques, terres \u00e9lectriques, tableaux \u00e9lectriques&#8230;<\/li>\n<li>Les racleurs, abreuvoirs, robots de traite&#8230;<\/li>\n<\/ul>\n<p>Lorsque les b\u00e2timents sont d\u00e9j\u00e0 construits, je peux d\u00e9tecter les zones nuisibles pour en \u00e9carter les animaux, mais aussi les terres \u00e9lectriques, les terres de cl\u00f4tures \u00e9lectriques, les transformateurs EDF, les tableaux \u00e9lectriques &#8230;<\/p>\n<p><em><img loading=\"lazy\" decoding=\"async\" class=\"wp-image-131 size-thumbnail aligncenter\" src=\"https:\/\/gregoryterrier.com\/wp-content\/uploads\/2017\/08\/20170203_110333-150x150.jpg\" alt=\"\" width=\"150\" height=\"150\" srcset=\"https:\/\/gregoryterrier.com\/wp-content\/uploads\/2017\/08\/20170203_110333-150x150.jpg 150w, https:\/\/gregoryterrier.com\/wp-content\/uploads\/2017\/08\/20170203_110333-100x100.jpg 100w\" sizes=\"auto, (max-width: 150px) 100vw, 150px\" \/><\/em><\/p>\n<h2>Quelques cas concrets<\/h2>\n<p>-Poules pondeuses : Peu de pontes et signes d&rsquo;agressivit\u00e9 la nuit (blessures). Apr\u00e8s avoir neutralis\u00e9 une faille, les sympt\u00f4mes ont cess\u00e9 le jour suivant.<\/p>\n<p>-Bovins laitiers : Probl\u00e8mes de refus des animaux \u00e0 la sortie du quai de traite, d\u00e9tection et neutralisation d&rsquo;une faille, Nuisances stopp\u00e9es imm\u00e9diatement.<\/p>\n<p>-Utilisation en brasserie : L&rsquo;objectif \u00e9tait d&rsquo;activer davantage la fermentation. R\u00e9sultats \u00ab\u00a0trop positifs\u00a0\u00bb, fermentation difficile \u00e0 ma\u00eetriser au d\u00e9part (explosion de bouchons\u2026).<\/p>\n<p><strong>Il est essentiel de bien positionner la terre \u00e9lectrique, les tableaux \u00e9lectriques et les transformateurs li\u00e9s aux panneaux photovolta\u00efques.<\/strong><\/p>\n<h2><strong>\u00a0Que puis-je faire sur votre exploitation?<\/strong><\/h2>\n<p>Je r\u00e9tablis l&rsquo;\u00e9quilibre \u00e9nerg\u00e9tique du lieu et travaille sur les courants telluriques.\u00a0 Ces courants sont souvent n\u00e9gatifs aujourd\u2019hui : les informations qu\u2019ils transportent, par exemple la pollution ou les formes, p\u00e9nalisent une exploitation si elles le traversent. Cela a des cons\u00e9quences sur les productions animales ou v\u00e9g\u00e9tales.<\/p>\n<p>Je d\u00e9termine les emplacements b\u00e9n\u00e9fiques pour l&rsquo;installation des animaux, la transformation de produits ou autres\u2026<\/p>\n<p><img loading=\"lazy\" decoding=\"async\" class=\"size-medium wp-image-130 aligncenter\" src=\"https:\/\/gregoryterrier.com\/wp-content\/uploads\/2017\/08\/20170203_110146-e1503247374641-225x300.jpg\" alt=\"\" width=\"225\" height=\"300\" srcset=\"https:\/\/gregoryterrier.com\/wp-content\/uploads\/2017\/08\/20170203_110146-e1503247374641-225x300.jpg 225w, https:\/\/gregoryterrier.com\/wp-content\/uploads\/2017\/08\/20170203_110146-e1503247374641-768x1024.jpg 768w, https:\/\/gregoryterrier.com\/wp-content\/uploads\/2017\/08\/20170203_110146-e1503247374641.jpg 1932w\" sizes=\"auto, (max-width: 225px) 100vw, 225px\" \/><\/p>\n<p>Du point de vue g\u00e9obiologique, je vous propose un diagnostic g\u00e9n\u00e9ral de votre exploitation ainsi qu&rsquo;une mise en place de syst\u00e8mes adapt\u00e9s \u00e0 l&rsquo;objectif du propri\u00e9taire, du cheptel et aux lieux, ce qui permettra de tendre vers plus d&rsquo;\u00e9quilibre et d&rsquo;harmonie. La traduction de cet \u00e9tat sera perceptible avec un mieux-\u00eatre des animaux, une am\u00e9lioration sanitaire et vos produits gagneront en richesse, en qualit\u00e9, en \u00e2me et en profondeur.<\/p>\n<p>Professionnels de l&rsquo;agriculture, n\u2019h\u00e9sitez pas \u00e0 me contacter pour plus de renseignements.<\/p>\n<p>Je me ferai un plaisir de vous accompagner dans vos interrogations et vos d\u00e9marches.<\/p>\n<!-- AddThis Advanced Settings generic via filter on the_content --><!-- AddThis Share Buttons generic via filter on the_content -->","protected":false},"excerpt":{"rendered":"<p>Pour les exploitations agricoles La sant\u00e9 et le comportement des animaux d\u00e9pendent de multiples facteurs : Alimentaires, sanitaires, l&rsquo;ambiance des b\u00e2timents, les pratiques d&rsquo;\u00e9levages et bien d&rsquo;autres facteurs\u2026 En compl\u00e9ment de votre savoir-faire, les techniciens, les v\u00e9t\u00e9rinaires, etc&#8230;, sont pr\u00e9sents pour vous aider \u00e0 \u00e9viter ces probl\u00e8mes. La g\u00e9obiologie \u00e9tudie d&rsquo;autres facteurs perturbants pour les &hellip; <\/p>\n<p class=\"link-more\"><a href=\"https:\/\/gregoryterrier.com\/?page_id=99\" class=\"more-link\">Continuer la lecture<span class=\"screen-reader-text\"> de &laquo;&nbsp;Les exploitations agricoles&nbsp;&raquo;<\/span><\/a><\/p>\n<p><!-- AddThis Advanced Settings generic via filter on get_the_excerpt --><!-- AddThis Share Buttons generic via filter on get_the_excerpt --><\/p>\n","protected":false},"author":1,"featured_media":121,"parent":11,"menu_order":0,"comment_status":"closed","ping_status":"closed","template":"","meta":{"footnotes":""},"class_list":["post-99","page","type-page","status-publish","has-post-thumbnail","hentry"],"_links":{"self":[{"href":"https:\/\/gregoryterrier.com\/index.php?rest_route=\/wp\/v2\/pages\/99","targetHints":{"allow":["GET"]}}],"collection":[{"href":"https:\/\/gregoryterrier.com\/index.php?rest_route=\/wp\/v2\/pages"}],"about":[{"href":"https:\/\/gregoryterrier.com\/index.php?rest_route=\/wp\/v2\/types\/page"}],"author":[{"embeddable":true,"href":"https:\/\/gregoryterrier.com\/index.php?rest_route=\/wp\/v2\/users\/1"}],"replies":[{"embeddable":true,"href":"https:\/\/gregoryterrier.com\/index.php?rest_route=%2Fwp%2Fv2%2Fcomments&post=99"}],"version-history":[{"count":8,"href":"https:\/\/gregoryterrier.com\/index.php?rest_route=\/wp\/v2\/pages\/99\/revisions"}],"predecessor-version":[{"id":173,"href":"https:\/\/gregoryterrier.com\/index.php?rest_route=\/wp\/v2\/pages\/99\/revisions\/173"}],"up":[{"embeddable":true,"href":"https:\/\/gregoryterrier.com\/index.php?rest_route=\/wp\/v2\/pages\/11"}],"wp:featuredmedia":[{"embeddable":true,"href":"https:\/\/gregoryterrier.com\/index.php?rest_route=\/wp\/v2\/media\/121"}],"wp:attachment":[{"href":"https:\/\/gregoryterrier.com\/index.php?rest_route=%2Fwp%2Fv2%2Fmedia&parent=99"}],"curies":[{"name":"wp","href":"https:\/\/api.w.org\/{rel}","templated":true}]}}